{"id":13327,"date":"2017-10-04T00:13:25","date_gmt":"2017-10-03T22:13:25","guid":{"rendered":"http:\/\/new.furmintforum.sk\/?page_id=13327"},"modified":"2021-11-25T11:55:13","modified_gmt":"2021-11-25T10:55:13","slug":"partneri","status":"publish","type":"page","link":"https:\/\/www.furmintforum.sk\/en\/partneri\/","title":{"rendered":"Partners"},"content":{"rendered":"<style type=\"text\/css\"> \n#cmsmasters_row_69ef7bb002220 .cmsmasters_row_outer_parent { \n\tpadding-top: 100px; \n} \n\n#cmsmasters_row_69ef7bb002220 .cmsmasters_row_outer_parent { \n\tpadding-bottom: 80px; \n} \n\n \n#cmsmasters_heading_69ef7bb0022b5 { \n\ttext-align:center; \n\tmargin-top:0px; \n\tmargin-bottom:20px; \n} \n\n#cmsmasters_heading_69ef7bb0022b5 .cmsmasters_heading { \n\ttext-align:center; \n} \n\n#cmsmasters_heading_69ef7bb0022b5 .cmsmasters_heading, #cmsmasters_heading_69ef7bb0022b5 .cmsmasters_heading a { \n\tfont-weight:normal; \n\tfont-style:normal; \n} \n\n#cmsmasters_heading_69ef7bb0022b5 .cmsmasters_heading_divider { \n} \n\n \n#cmsmasters_clients_69ef7bb0022e0 .cmsmasters_clients_item { height:160px; line-height:160px; } \n#cmsmasters_clients_69ef7bb0022e0 .cmsmasters_clients_item a { line-height:160px; } \n \n#cmsmasters_heading_69ef7bb002574 { \n\ttext-align:center; \n\tmargin-top:0px; \n\tmargin-bottom:20px; \n} \n\n#cmsmasters_heading_69ef7bb002574 .cmsmasters_heading { \n\ttext-align:center; \n} \n\n#cmsmasters_heading_69ef7bb002574 .cmsmasters_heading, #cmsmasters_heading_69ef7bb002574 .cmsmasters_heading a { \n\tfont-weight:normal; \n\tfont-style:normal; \n} \n\n#cmsmasters_heading_69ef7bb002574 .cmsmasters_heading_divider { \n} \n\n \n#cmsmasters_clients_69ef7bb00258c .cmsmasters_clients_item { height:160px; line-height:160px; } \n#cmsmasters_clients_69ef7bb00258c .cmsmasters_clients_item a { line-height:160px; } \n \n#cmsmasters_heading_69ef7bb002777 { \n\ttext-align:center; \n\tmargin-top:0px; \n\tmargin-bottom:20px; \n} \n\n#cmsmasters_heading_69ef7bb002777 .cmsmasters_heading { \n\ttext-align:center; \n} \n\n#cmsmasters_heading_69ef7bb002777 .cmsmasters_heading, #cmsmasters_heading_69ef7bb002777 .cmsmasters_heading a { \n\tfont-weight:normal; \n\tfont-style:normal; \n} \n\n#cmsmasters_heading_69ef7bb002777 .cmsmasters_heading_divider { \n} \n\n \n#cmsmasters_clients_69ef7bb002795 .cmsmasters_clients_item { height:160px; line-height:160px; } \n#cmsmasters_clients_69ef7bb002795 .cmsmasters_clients_item a { line-height:160px; } \n \n#cmsmasters_row_69ef7bb002d62 .cmsmasters_row_outer_parent { \n\tpadding-top: 100px; \n} \n\n#cmsmasters_row_69ef7bb002d62 .cmsmasters_row_outer_parent { \n\tpadding-bottom: 80px; \n} \n\n \n#cmsmasters_heading_69ef7bb002dbd { \n\ttext-align:center; \n\tmargin-top:0px; \n\tmargin-bottom:20px; \n} \n\n#cmsmasters_heading_69ef7bb002dbd .cmsmasters_heading { \n\ttext-align:center; \n} \n\n#cmsmasters_heading_69ef7bb002dbd .cmsmasters_heading, #cmsmasters_heading_69ef7bb002dbd .cmsmasters_heading a { \n\tfont-weight:normal; \n\tfont-style:normal; \n} \n\n#cmsmasters_heading_69ef7bb002dbd .cmsmasters_heading_divider { \n} \n\n \n#cmsmasters_clients_69ef7bb002dd7 .cmsmasters_clients_item { height:160px; line-height:160px; } \n#cmsmasters_clients_69ef7bb002dd7 .cmsmasters_clients_item a { line-height:160px; } \n \n#cmsmasters_heading_69ef7bb002e85 { \n\ttext-align:center; \n\tmargin-top:0px; \n\tmargin-bottom:20px; \n} \n\n#cmsmasters_heading_69ef7bb002e85 .cmsmasters_heading { \n\ttext-align:center; \n} \n\n#cmsmasters_heading_69ef7bb002e85 .cmsmasters_heading, #cmsmasters_heading_69ef7bb002e85 .cmsmasters_heading a { \n\tfont-weight:normal; \n\tfont-style:normal; \n} \n\n#cmsmasters_heading_69ef7bb002e85 .cmsmasters_heading_divider { \n} \n\n \n#cmsmasters_clients_69ef7bb002e9d .cmsmasters_clients_item { height:160px; line-height:160px; } \n#cmsmasters_clients_69ef7bb002e9d .cmsmasters_clients_item a { line-height:160px; } \n \n#cmsmasters_heading_69ef7bb002f3b { \n\ttext-align:center; \n\tmargin-top:0px; \n\tmargin-bottom:20px; \n} \n\n#cmsmasters_heading_69ef7bb002f3b .cmsmasters_heading { \n\ttext-align:center; \n} \n\n#cmsmasters_heading_69ef7bb002f3b .cmsmasters_heading, #cmsmasters_heading_69ef7bb002f3b .cmsmasters_heading a { \n\tfont-weight:normal; \n\tfont-style:normal; \n} \n\n#cmsmasters_heading_69ef7bb002f3b .cmsmasters_heading_divider { \n} \n\n \n#cmsmasters_clients_69ef7bb002f51 .cmsmasters_clients_item { height:160px; line-height:160px; } \n#cmsmasters_clients_69ef7bb002f51 .cmsmasters_clients_item a { line-height:160px; } \n<\/style><p><div id=\"cmsmasters_row_69ef7bb002d62\" class=\"cmsmasters_row cmsmasters_color_scheme_default cmsmasters_row_top_default cmsmasters_row_bot_default cmsmasters_row_boxed\">\n<div class=\"cmsmasters_row_outer_parent\">\n<div class=\"cmsmasters_row_outer\">\n<div class=\"cmsmasters_row_inner\">\n<div class=\"cmsmasters_row_margin\">\n<div class=\"cmsmasters_column one_first\">\n\n<div id=\"cmsmasters_heading_69ef7bb002dbd\" class=\"cmsmasters_heading_wrap cmsmasters_heading_align_center\">\n\t<h2 class=\"cmsmasters_heading\">General partners<\/h2>\n<\/div>\n<div class=\"cmsmasters_clients_grid_wrap\">\n<div id=\"cmsmasters_clients_69ef7bb002dd7\" class=\"cmsmasters_clients_grid clients_two\">\n<div class=\"cmsmasters_clients_items slides\">\n<div class=\"cmsmasters_clients_item item\">\n<a href=\"https:\/\/www.visitkosice.eu\/\" target=\"_blank\"><img decoding=\"async\" src=\"https:\/\/www.furmintforum.sk\/wp-content\/uploads\/2017\/10\/visit-kosice.jpg\" alt=\"Visit Ko\u0161ice\" title=\"Visit Ko\u0161ice\" \/><\/a>\n<\/div>\n<div class=\"cmsmasters_clients_item item\">\n<a href=\"http:\/\/www.villacassa.sk\/en\/\" target=\"_blank\"><img decoding=\"async\" src=\"https:\/\/www.furmintforum.sk\/wp-content\/uploads\/2017\/10\/villa-cassa-1.jpg\" alt=\"Villa Cassa\" title=\"Villa Cassa\" \/><\/a>\n<\/div>\n<div class=\"cmsmasters_clients_item item\">\n<a href=\"http:\/\/www.villacassa.sk\/en\/\" target=\"_blank\"><img decoding=\"async\" src=\"https:\/\/www.furmintforum.sk\/wp-content\/uploads\/2017\/10\/felix-wines-1.jpg\" alt=\"Felix Wines\" title=\"Felix Wines\" \/><\/a>\n<\/div>\n<div class=\"cmsmasters_clients_item item\">\n<a href=\"http:\/\/www.telecom.gov.sk\" target=\"_blank\"><img decoding=\"async\" src=\"https:\/\/www.furmintforum.sk\/wp-content\/uploads\/2017\/10\/ministerstvo-dopravy-a-vystavby.jpg\" alt=\"Ministerstvo dopravy a v\u00fdstavby\" title=\"Ministerstvo dopravy a v\u00fdstavby\" \/><\/a>\n<\/div>\n<\/div>\n<\/div>\n<\/div>\n\n<div id=\"cmsmasters_heading_69ef7bb002e85\" class=\"cmsmasters_heading_wrap cmsmasters_heading_align_center\">\n\t<h2 class=\"cmsmasters_heading\">Partners<\/h2>\n<\/div>\n<div class=\"cmsmasters_clients_grid_wrap\">\n<div id=\"cmsmasters_clients_69ef7bb002e9d\" class=\"cmsmasters_clients_grid clients_two\">\n<div class=\"cmsmasters_clients_items slides\">\n<div class=\"cmsmasters_clients_item item\">\n<a href=\"https:\/\/wisomm.com\/event\/sjnaDyxPcbYny8mZR\" target=\"_blank\"><img decoding=\"async\" src=\"https:\/\/www.furmintforum.sk\/wp-content\/uploads\/2017\/10\/wisomm.png\" alt=\"Wisomm\" title=\"Wisomm\" \/><\/a>\n<\/div>\n<div class=\"cmsmasters_clients_item item\">\n<a href=\"http:\/\/www.hotel-centrum.sk\/\" target=\"_blank\"><img decoding=\"async\" src=\"https:\/\/www.furmintforum.sk\/wp-content\/uploads\/2017\/10\/hotel-centrum.jpg\" alt=\"Congress Hotel Centrum\" title=\"Congress Hotel Centrum\" \/><\/a>\n<\/div>\n<div class=\"cmsmasters_clients_item item\">\n<a href=\"http:\/\/www.majak-no.sk\/\" target=\"_blank\"><img decoding=\"async\" src=\"https:\/\/www.furmintforum.sk\/wp-content\/uploads\/2017\/10\/majak.jpg\" alt=\"MAJ\u00c1K neziskov\u00e1 organiz\u00e1cia\" title=\"MAJ\u00c1K neziskov\u00e1 organiz\u00e1cia\" \/><\/a>\n<\/div>\n<div class=\"cmsmasters_clients_item item\">\n<img decoding=\"async\" src=\"https:\/\/www.furmintforum.sk\/wp-content\/uploads\/2017\/10\/riedel.jpg\" alt=\"Riedel\" title=\"Riedel\" \/>\n<\/div>\n<\/div>\n<\/div>\n<\/div>\n\n<div id=\"cmsmasters_heading_69ef7bb002f3b\" class=\"cmsmasters_heading_wrap cmsmasters_heading_align_center\">\n\t<h2 class=\"cmsmasters_heading\">Mediapartners<\/h2>\n<\/div>\n<div class=\"cmsmasters_clients_grid_wrap\">\n<div id=\"cmsmasters_clients_69ef7bb002f51\" class=\"cmsmasters_clients_grid clients_two\">\n<div class=\"cmsmasters_clients_items slides\">\n<div class=\"cmsmasters_clients_item item\">\n<a href=\"http:\/\/www.winesofa.eu\/\" target=\"_blank\"><img decoding=\"async\" src=\"https:\/\/www.furmintforum.sk\/wp-content\/uploads\/2017\/10\/winesofa.jpg\" alt=\"Winesofa\" title=\"Winesofa\" \/><\/a>\n<\/div>\n<div class=\"cmsmasters_clients_item item\">\n<a href=\"https:\/\/vinko.sk\/\" target=\"_blank\"><img decoding=\"async\" src=\"https:\/\/www.furmintforum.sk\/wp-content\/uploads\/2017\/10\/vinko-sk.jpg\" alt=\"V\u00ednko.sk\" title=\"V\u00ednko.sk\" \/><\/a>\n<\/div>\n<div class=\"cmsmasters_clients_item item\">\n<a href=\"https:\/\/www.radiokosice.sk\/\" target=\"_blank\"><img decoding=\"async\" src=\"https:\/\/www.furmintforum.sk\/wp-content\/uploads\/2017\/10\/radio-kosice-logo-e1508368719237.jpg\" alt=\"R\u00e1dio Ko\u0161ice\" title=\"R\u00e1dio Ko\u0161ice\" \/><\/a>\n<\/div>\n<div class=\"cmsmasters_clients_item item\">\n<a href=\"https:\/\/www.tvkosice.sk\/\" target=\"_blank\"><img decoding=\"async\" src=\"https:\/\/www.furmintforum.sk\/wp-content\/uploads\/2017\/10\/tv-kosice-logo.jpg\" alt=\"TV Ko\u0161ice\" title=\"TV Ko\u0161ice\" \/><\/a>\n<\/div>\n<div class=\"cmsmasters_clients_item item\">\n<a href=\"http:\/\/www.kamzavinom.sk\/\" target=\"_blank\"><img decoding=\"async\" src=\"https:\/\/www.furmintforum.sk\/wp-content\/uploads\/2017\/10\/kam-za-vinom.jpg\" alt=\"Kam za v\u00ednom\" title=\"Kam za v\u00ednom\" \/><\/a>\n<\/div>\n<div class=\"cmsmasters_clients_item item\">\n<a href=\"http:\/\/www.kamdomesta.sk\/\" target=\"_blank\"><img decoding=\"async\" src=\"https:\/\/www.furmintforum.sk\/wp-content\/uploads\/2017\/10\/logo_kdm_cmyk.jpg\" alt=\"kam do mesta\" title=\"kam do mesta\" \/><\/a>\n<\/div>\n<div class=\"cmsmasters_clients_item item\">\n<a href=\"http:\/\/www.niewinnepodroze.pl\/\" target=\"_blank\"><img decoding=\"async\" src=\"https:\/\/www.furmintforum.sk\/wp-content\/uploads\/2017\/10\/niewinnepodroze.png\" alt=\"Niewinne Podr\u00f3\u017ce\" title=\"Niewinne Podr\u00f3\u017ce\" \/><\/a>\n<\/div>\n<div class=\"cmsmasters_clients_item item\">\n<a href=\"http:\/\/www.winiacz.com\/\" target=\"_blank\"><img decoding=\"async\" src=\"https:\/\/www.furmintforum.sk\/wp-content\/uploads\/2017\/10\/winiacz.jpg\" alt=\"winiacz.com\" title=\"winiacz.com\" \/><\/a>\n<\/div>\n<div class=\"cmsmasters_clients_item item\">\n<a href=\"http:\/\/www.powinowaci.pl\/\" target=\"_blank\"><img decoding=\"async\" src=\"https:\/\/www.furmintforum.sk\/wp-content\/uploads\/2017\/10\/powinowaci.jpg\" alt=\"powinowaci.pl\" title=\"powinowaci.pl\" \/><\/a>\n<\/div>\n<\/div>\n<\/div>\n<\/div>\n<\/div>\n<\/div>\n<\/div>\n<\/div>\n<\/div>\n<\/div>\n<\/p>","protected":false},"excerpt":{"rendered":"","protected":false},"author":1,"featured_media":0,"parent":0,"menu_order":0,"comment_status":"closed","ping_status":"closed","template":"","meta":{"footnotes":""},"class_list":["post-13327","page","type-page","status-publish","hentry"],"_links":{"self":[{"href":"https:\/\/www.furmintforum.sk\/en\/wp-json\/wp\/v2\/pages\/13327","targetHints":{"allow":["GET"]}}],"collection":[{"href":"https:\/\/www.furmintforum.sk\/en\/wp-json\/wp\/v2\/pages"}],"about":[{"href":"https:\/\/www.furmintforum.sk\/en\/wp-json\/wp\/v2\/types\/page"}],"author":[{"embeddable":true,"href":"https:\/\/www.furmintforum.sk\/en\/wp-json\/wp\/v2\/users\/1"}],"replies":[{"embeddable":true,"href":"https:\/\/www.furmintforum.sk\/en\/wp-json\/wp\/v2\/comments?post=13327"}],"version-history":[{"count":0,"href":"https:\/\/www.furmintforum.sk\/en\/wp-json\/wp\/v2\/pages\/13327\/revisions"}],"wp:attachment":[{"href":"https:\/\/www.furmintforum.sk\/en\/wp-json\/wp\/v2\/media?parent=13327"}],"curies":[{"name":"wp","href":"https:\/\/api.w.org\/{rel}","templated":true}]}}