{"id":13331,"date":"2017-10-04T00:14:02","date_gmt":"2017-10-03T22:14:02","guid":{"rendered":"http:\/\/new.furmintforum.sk\/?page_id=13331"},"modified":"2024-10-03T08:25:42","modified_gmt":"2024-10-03T06:25:42","slug":"napisali-o-nas","status":"publish","type":"page","link":"https:\/\/www.furmintforum.sk\/en\/napisali-o-nas\/","title":{"rendered":"Furmint Forum in media"},"content":{"rendered":"<style type=\"text\/css\"> \n#cmsmasters_row_6a08c101dc7c0 .cmsmasters_row_outer_parent { \n\tpadding-top: 70px; \n} \n\n \n#cmsmasters_icon_list_items_6a08c101dc882.cmsmasters_icon_list_items .cmsmasters_icon_list_item:before { \n\tleft:39px; \n\ttop:80px; \n} \n#cmsmasters_icon_list_items_6a08c101dc882.cmsmasters_icon_list_type_block .cmsmasters_icon_list_item:before { \n\twidth:2px; \n} \n\n#cmsmasters_icon_list_items_6a08c101dc882 .cmsmasters_icon_list_icon { \n\twidth:80px; \n\theight:80px; \n\t-webkit-border-radius:50%; \n\tborder-radius:50%; \n} \n\n#cmsmasters_icon_list_items_6a08c101dc882 .cmsmasters_icon_list_icon:before { \n\tfont-size:30px; \n\tline-height:80px; \n} \n\n#cmsmasters_icon_list_items_6a08c101dc882 .cmsmasters_icon_list_icon:after { \n\tborder-width:1px; \n\twidth:82px; \n\theight:82px; \n\t-webkit-border-radius:50%; \n\tborder-radius:50%; \n} \n\n.cmsmasters_icon_list_items.cmsmasters_color_type_icon #cmsmasters_icon_list_item_6a08c101dc8cb:hover .cmsmasters_icon_list_icon:before { \n\tcolor:inherit; \n} \n\n.cmsmasters_icon_list_items.cmsmasters_color_type_icon #cmsmasters_icon_list_item_6a08c101dc969:hover .cmsmasters_icon_list_icon:before { \n\tcolor:inherit; \n} \n\n.cmsmasters_icon_list_items.cmsmasters_color_type_icon #cmsmasters_icon_list_item_6a08c101dc98b:hover .cmsmasters_icon_list_icon:before { \n\tcolor:inherit; \n} \n\n.cmsmasters_icon_list_items.cmsmasters_color_type_icon #cmsmasters_icon_list_item_6a08c101dc9a9:hover .cmsmasters_icon_list_icon:before { \n\tcolor:inherit; \n} \n\n.cmsmasters_icon_list_items.cmsmasters_color_type_icon #cmsmasters_icon_list_item_6a08c101dc9cf:hover .cmsmasters_icon_list_icon:before { \n\tcolor:inherit; \n} \n\n.cmsmasters_icon_list_items.cmsmasters_color_type_icon #cmsmasters_icon_list_item_6a08c101dc9eb:hover .cmsmasters_icon_list_icon:before { \n\tcolor:inherit; \n} \n\n.cmsmasters_icon_list_items.cmsmasters_color_type_icon #cmsmasters_icon_list_item_6a08c101dca06:hover .cmsmasters_icon_list_icon:before { \n\tcolor:inherit; \n} \n\n.cmsmasters_icon_list_items.cmsmasters_color_type_icon #cmsmasters_icon_list_item_6a08c101dca22:hover .cmsmasters_icon_list_icon:before { \n\tcolor:inherit; \n} \n\n.cmsmasters_icon_list_items.cmsmasters_color_type_icon #cmsmasters_icon_list_item_6a08c101dca3c:hover .cmsmasters_icon_list_icon:before { \n\tcolor:inherit; \n} \n \n#cmsmasters_icon_list_items_6a08c101dcaad.cmsmasters_icon_list_items .cmsmasters_icon_list_item:before { \n\tleft:39px; \n\ttop:80px; \n} \n#cmsmasters_icon_list_items_6a08c101dcaad.cmsmasters_icon_list_type_block .cmsmasters_icon_list_item:before { \n\twidth:2px; \n} \n\n#cmsmasters_icon_list_items_6a08c101dcaad .cmsmasters_icon_list_icon { \n\twidth:80px; \n\theight:80px; \n\t-webkit-border-radius:50%; \n\tborder-radius:50%; \n} \n\n#cmsmasters_icon_list_items_6a08c101dcaad .cmsmasters_icon_list_icon:before { \n\tfont-size:30px; \n\tline-height:80px; \n} \n\n#cmsmasters_icon_list_items_6a08c101dcaad .cmsmasters_icon_list_icon:after { \n\tborder-width:1px; \n\twidth:82px; \n\theight:82px; \n\t-webkit-border-radius:50%; \n\tborder-radius:50%; \n} \n\n.cmsmasters_icon_list_items.cmsmasters_color_type_icon #cmsmasters_icon_list_item_6a08c101dcad4:hover .cmsmasters_icon_list_icon:before { \n\tcolor:inherit; \n} \n\n.cmsmasters_icon_list_items.cmsmasters_color_type_icon #cmsmasters_icon_list_item_6a08c101dcaf2:hover .cmsmasters_icon_list_icon:before { \n\tcolor:inherit; \n} \n\n.cmsmasters_icon_list_items.cmsmasters_color_type_icon #cmsmasters_icon_list_item_6a08c101dcb0c:hover .cmsmasters_icon_list_icon:before { \n\tcolor:inherit; \n} \n\n.cmsmasters_icon_list_items.cmsmasters_color_type_icon #cmsmasters_icon_list_item_6a08c101dcb28:hover .cmsmasters_icon_list_icon:before { \n\tcolor:inherit; \n} \n\n.cmsmasters_icon_list_items.cmsmasters_color_type_icon #cmsmasters_icon_list_item_6a08c101dcb43:hover .cmsmasters_icon_list_icon:before { \n\tcolor:inherit; \n} \n\n.cmsmasters_icon_list_items.cmsmasters_color_type_icon #cmsmasters_icon_list_item_6a08c101dcb5d:hover .cmsmasters_icon_list_icon:before { \n\tcolor:inherit; \n} \n\n.cmsmasters_icon_list_items.cmsmasters_color_type_icon #cmsmasters_icon_list_item_6a08c101dcb77:hover .cmsmasters_icon_list_icon:before { \n\tcolor:inherit; \n} \n\n.cmsmasters_icon_list_items.cmsmasters_color_type_icon #cmsmasters_icon_list_item_6a08c101dcb91:hover .cmsmasters_icon_list_icon:before { \n\tcolor:inherit; \n} \n \n#cmsmasters_row_6a08c101dcbbd .cmsmasters_row_outer_parent { \n\tpadding-top: 70px; \n} \n\n \n#cmsmasters_icon_list_items_6a08c101dcbf9.cmsmasters_icon_list_items .cmsmasters_icon_list_item:before { \n\tleft:39px; \n\ttop:80px; \n} \n#cmsmasters_icon_list_items_6a08c101dcbf9.cmsmasters_icon_list_type_block .cmsmasters_icon_list_item:before { \n\twidth:2px; \n} \n\n#cmsmasters_icon_list_items_6a08c101dcbf9 .cmsmasters_icon_list_icon { \n\twidth:80px; \n\theight:80px; \n\t-webkit-border-radius:50%; \n\tborder-radius:50%; \n} \n\n#cmsmasters_icon_list_items_6a08c101dcbf9 .cmsmasters_icon_list_icon:before { \n\tfont-size:30px; \n\tline-height:80px; \n} \n\n#cmsmasters_icon_list_items_6a08c101dcbf9 .cmsmasters_icon_list_icon:after { \n\tborder-width:1px; \n\twidth:82px; \n\theight:82px; \n\t-webkit-border-radius:50%; \n\tborder-radius:50%; \n} \n\n.cmsmasters_icon_list_items.cmsmasters_color_type_icon #cmsmasters_icon_list_item_6a08c101dcc16:hover .cmsmasters_icon_list_icon:before { \n\tcolor:inherit; \n} \n\n.cmsmasters_icon_list_items.cmsmasters_color_type_icon #cmsmasters_icon_list_item_6a08c101dcc31:hover .cmsmasters_icon_list_icon:before { \n\tcolor:inherit; \n} \n\n.cmsmasters_icon_list_items.cmsmasters_color_type_icon #cmsmasters_icon_list_item_6a08c101dcc49:hover .cmsmasters_icon_list_icon:before { \n\tcolor:inherit; \n} \n\n.cmsmasters_icon_list_items.cmsmasters_color_type_icon #cmsmasters_icon_list_item_6a08c101dcc62:hover .cmsmasters_icon_list_icon:before { \n\tcolor:inherit; \n} \n\n.cmsmasters_icon_list_items.cmsmasters_color_type_icon #cmsmasters_icon_list_item_6a08c101dcc7a:hover .cmsmasters_icon_list_icon:before { \n\tcolor:inherit; \n} \n\n.cmsmasters_icon_list_items.cmsmasters_color_type_icon #cmsmasters_icon_list_item_6a08c101dcc93:hover .cmsmasters_icon_list_icon:before { \n\tcolor:inherit; \n} \n \n#cmsmasters_icon_list_items_6a08c101dccce.cmsmasters_icon_list_items .cmsmasters_icon_list_item:before { \n\tleft:39px; \n\ttop:80px; \n} \n#cmsmasters_icon_list_items_6a08c101dccce.cmsmasters_icon_list_type_block .cmsmasters_icon_list_item:before { \n\twidth:2px; \n} \n\n#cmsmasters_icon_list_items_6a08c101dccce .cmsmasters_icon_list_icon { \n\twidth:80px; \n\theight:80px; \n\t-webkit-border-radius:50%; \n\tborder-radius:50%; \n} \n\n#cmsmasters_icon_list_items_6a08c101dccce .cmsmasters_icon_list_icon:before { \n\tfont-size:30px; \n\tline-height:80px; \n} \n\n#cmsmasters_icon_list_items_6a08c101dccce .cmsmasters_icon_list_icon:after { \n\tborder-width:1px; \n\twidth:82px; \n\theight:82px; \n\t-webkit-border-radius:50%; \n\tborder-radius:50%; \n} \n\n.cmsmasters_icon_list_items.cmsmasters_color_type_icon #cmsmasters_icon_list_item_6a08c101dccea:hover .cmsmasters_icon_list_icon:before { \n\tcolor:inherit; \n} \n\n.cmsmasters_icon_list_items.cmsmasters_color_type_icon #cmsmasters_icon_list_item_6a08c101dcd03:hover .cmsmasters_icon_list_icon:before { \n\tcolor:inherit; \n} \n\n.cmsmasters_icon_list_items.cmsmasters_color_type_icon #cmsmasters_icon_list_item_6a08c101dcd1b:hover .cmsmasters_icon_list_icon:before { \n\tcolor:inherit; \n} \n\n.cmsmasters_icon_list_items.cmsmasters_color_type_icon #cmsmasters_icon_list_item_6a08c101dcd33:hover .cmsmasters_icon_list_icon:before { \n\tcolor:inherit; \n} \n\n.cmsmasters_icon_list_items.cmsmasters_color_type_icon #cmsmasters_icon_list_item_6a08c101dcd4c:hover .cmsmasters_icon_list_icon:before { \n\tcolor:inherit; \n} \n\n.cmsmasters_icon_list_items.cmsmasters_color_type_icon #cmsmasters_icon_list_item_6a08c101dcd64:hover .cmsmasters_icon_list_icon:before { \n\tcolor:inherit; \n} \n<\/style><p><div id=\"cmsmasters_row_6a08c101dcbbd\" class=\"cmsmasters_row cmsmasters_color_scheme_default cmsmasters_row_top_default cmsmasters_row_bot_default cmsmasters_row_boxed\">\n<div class=\"cmsmasters_row_outer_parent\">\n<div class=\"cmsmasters_row_outer\">\n<div class=\"cmsmasters_row_inner\">\n<div class=\"cmsmasters_row_margin\">\n<div class=\"cmsmasters_column one_half\">\n \n<ul id=\"cmsmasters_icon_list_items_6a08c101dcbf9\" class=\"cmsmasters_icon_list_items cmsmasters_icon_list_type_block cmsmasters_icon_list_pos_left cmsmasters_color_type_icon\"><li id=\"cmsmasters_icon_list_item_6a08c101dcc16\" class=\"cmsmasters_icon_list_item\">\n<div class=\"cmsmasters_icon_list_item_inner\">\n<div class=\"cmsmasters_icon_list_icon_wrap\">\n<span class=\"cmsmasters_icon_list_icon cmsmasters-icon-newspaper\"><\/span>\n<\/div>\n<div class=\"cmsmasters_icon_list_item_content\">\n<h3 class=\"cmsmasters_icon_list_item_title\">Because Ko\u0161ice merits it!<\/h3>\n<div class=\"cmsmasters_icon_list_item_text\">\n<p>Article at <a href=\"http:\/\/www.winesofa.eu\/articles\/furmint-forum\">WineSofa<\/a><\/p>\n<\/div>\n<\/div>\n<\/div>\n<\/li><li id=\"cmsmasters_icon_list_item_6a08c101dcc31\" class=\"cmsmasters_icon_list_item\">\n<div class=\"cmsmasters_icon_list_item_inner\">\n<div class=\"cmsmasters_icon_list_icon_wrap\">\n<span class=\"cmsmasters_icon_list_icon cmsmasters-icon-newspaper\"><\/span>\n<\/div>\n<div class=\"cmsmasters_icon_list_item_content\">\n<h3 class=\"cmsmasters_icon_list_item_title\">Ochutn\u00e1vky - Furmint Forum 2016<\/h3>\n<div class=\"cmsmasters_icon_list_item_text\">\n<p>Article at <a href=\"https:\/\/vinko.sk\/ochutnavky\/furmint-forum-2016\">Vinko.sk<\/a><\/p>\n<\/div>\n<\/div>\n<\/div>\n<\/li><li id=\"cmsmasters_icon_list_item_6a08c101dcc49\" class=\"cmsmasters_icon_list_item\">\n<div class=\"cmsmasters_icon_list_item_inner\">\n<div class=\"cmsmasters_icon_list_icon_wrap\">\n<span class=\"cmsmasters_icon_list_icon cmsmasters-icon-newspaper\"><\/span>\n<\/div>\n<div class=\"cmsmasters_icon_list_item_content\">\n<h3 class=\"cmsmasters_icon_list_item_title\">Furmint Forum 2016<\/h3>\n<div class=\"cmsmasters_icon_list_item_text\">\n<p>Article at\u00a0<a href=\"https:\/\/vinko.sk\/blog\/furmint-forum\">Vinko.sk<\/a><\/p>\n<\/div>\n<\/div>\n<\/div>\n<\/li><li id=\"cmsmasters_icon_list_item_6a08c101dcc62\" class=\"cmsmasters_icon_list_item\">\n<div class=\"cmsmasters_icon_list_item_inner\">\n<div class=\"cmsmasters_icon_list_icon_wrap\">\n<span class=\"cmsmasters_icon_list_icon cmsmasters-icon-newspaper\"><\/span>\n<\/div>\n<div class=\"cmsmasters_icon_list_item_content\">\n<h3 class=\"cmsmasters_icon_list_item_title\">Tokaj je len jeden<\/h3>\n<div class=\"cmsmasters_icon_list_item_text\">\n<p>Article at <a href=\"https:\/\/vinko.sk\/zo-sveta\/tokaj-je-len-jeden\">Vinko.sk<\/a><\/p>\n<\/div>\n<\/div>\n<\/div>\n<\/li><li id=\"cmsmasters_icon_list_item_6a08c101dcc7a\" class=\"cmsmasters_icon_list_item\">\n<div class=\"cmsmasters_icon_list_item_inner\">\n<div class=\"cmsmasters_icon_list_icon_wrap\">\n<span class=\"cmsmasters_icon_list_icon cmsmasters-icon-newspaper\"><\/span>\n<\/div>\n<div class=\"cmsmasters_icon_list_item_content\">\n<h3 class=\"cmsmasters_icon_list_item_title\">Furmint Forum \u2013 wielka degustacja furmint\u00f3w w Koszycach<\/h3>\n<div class=\"cmsmasters_icon_list_item_text\">\n<p>Article at <a href=\"http:\/\/www.niewinnepodroze.pl\/furmint-forum-wielka-degustacja-furmintow-w-koszycach\/\">www.niewinnepodroze.pl<\/a><\/p>\n<\/div>\n<\/div>\n<\/div>\n<\/li><li id=\"cmsmasters_icon_list_item_6a08c101dcc93\" class=\"cmsmasters_icon_list_item\">\n<div class=\"cmsmasters_icon_list_item_inner\">\n<div class=\"cmsmasters_icon_list_icon_wrap\">\n<span class=\"cmsmasters_icon_list_icon cmsmasters-icon-newspaper\"><\/span>\n<\/div>\n<div class=\"cmsmasters_icon_list_item_content\">\n<h3 class=\"cmsmasters_icon_list_item_title\">A mo\u017ce na Furminty do Koszyc? - Spr\u00f3buj wspania\u0142ej odmiany s\u0105siad\u00f3w!<\/h3>\n<div class=\"cmsmasters_icon_list_item_text\">\n<p>Article at <a href=\"http:\/\/www.winiacz.com\/2017\/11\/a-moze-na-furminty-do-koszyc.html\">www.winiacz.com<\/a><\/p>\n<\/div>\n<\/div>\n<\/div>\n<\/li><\/ul>\n<\/div>\n<div class=\"cmsmasters_column one_half\">\n \n<ul id=\"cmsmasters_icon_list_items_6a08c101dccce\" class=\"cmsmasters_icon_list_items cmsmasters_icon_list_type_block cmsmasters_icon_list_pos_left cmsmasters_color_type_icon\"><li id=\"cmsmasters_icon_list_item_6a08c101dccea\" class=\"cmsmasters_icon_list_item\">\n<div class=\"cmsmasters_icon_list_item_inner\">\n<div class=\"cmsmasters_icon_list_icon_wrap\">\n<span class=\"cmsmasters_icon_list_icon cmsmasters-icon-newspaper\"><\/span>\n<\/div>\n<div class=\"cmsmasters_icon_list_item_content\">\n<h3 class=\"cmsmasters_icon_list_item_title\">Akcie - Furmint Forum 2016<\/h3>\n<div class=\"cmsmasters_icon_list_item_text\">\n<p>Article at\u00a0<a href=\"http:\/\/vinoguru.sk\/furmint-forum-2016\/\">VinoGuru<\/a><\/p>\n<\/div>\n<\/div>\n<\/div>\n<\/li><li id=\"cmsmasters_icon_list_item_6a08c101dcd03\" class=\"cmsmasters_icon_list_item\">\n<div class=\"cmsmasters_icon_list_item_inner\">\n<div class=\"cmsmasters_icon_list_icon_wrap\">\n<span class=\"cmsmasters_icon_list_icon cmsmasters-icon-newspaper\"><\/span>\n<\/div>\n<div class=\"cmsmasters_icon_list_item_content\">\n<h3 class=\"cmsmasters_icon_list_item_title\">Festival v\u00edna - Furmint forum 2016<\/h3>\n<div class=\"cmsmasters_icon_list_item_text\">\n<p>Article at\u00a0<a href=\"http:\/\/www.kamzavinom.sk\/2016\/11\/furmint-forum-1122016.html\">Kam Za Vinom<\/a><\/p>\n<\/div>\n<\/div>\n<\/div>\n<\/li><li id=\"cmsmasters_icon_list_item_6a08c101dcd1b\" class=\"cmsmasters_icon_list_item\">\n<div class=\"cmsmasters_icon_list_item_inner\">\n<div class=\"cmsmasters_icon_list_icon_wrap\">\n<span class=\"cmsmasters_icon_list_icon cmsmasters-icon-newspaper\"><\/span>\n<\/div>\n<div class=\"cmsmasters_icon_list_item_content\">\n<h3 class=\"cmsmasters_icon_list_item_title\">International Furmint Day is born!<\/h3>\n<div class=\"cmsmasters_icon_list_item_text\">\n<p>Furmint Forum mentioned in article at\u00a0<a href=\"http:\/\/www.winesofa.eu\/articles\/international-furmint-day-is-born\">WineSofa<\/a><\/p>\n<\/div>\n<\/div>\n<\/div>\n<\/li><li id=\"cmsmasters_icon_list_item_6a08c101dcd33\" class=\"cmsmasters_icon_list_item\">\n<div class=\"cmsmasters_icon_list_item_inner\">\n<div class=\"cmsmasters_icon_list_icon_wrap\">\n<span class=\"cmsmasters_icon_list_icon cmsmasters-icon-newspaper\"><\/span>\n<\/div>\n<div class=\"cmsmasters_icon_list_item_content\">\n<h3 class=\"cmsmasters_icon_list_item_title\">Megsz\u00fcletett az International Furmint Day!<\/h3>\n<div class=\"cmsmasters_icon_list_item_text\">\n<p>Furmint Forum mentioned in article at\u00a0<a href=\"http:\/\/www.borsmenta.hu\/beszelgetunk\/megszuletett_az_international_furmint_day\">BORSMENTA<\/a><\/p>\n<\/div>\n<\/div>\n<\/div>\n<\/li><li id=\"cmsmasters_icon_list_item_6a08c101dcd4c\" class=\"cmsmasters_icon_list_item\">\n<div class=\"cmsmasters_icon_list_item_inner\">\n<div class=\"cmsmasters_icon_list_icon_wrap\">\n<span class=\"cmsmasters_icon_list_icon cmsmasters-icon-newspaper\"><\/span>\n<\/div>\n<div class=\"cmsmasters_icon_list_item_content\">\n<h3 class=\"cmsmasters_icon_list_item_title\">Furmint Forum - rozhovor s organiz\u00e1torom<\/h3>\n<div class=\"cmsmasters_icon_list_item_text\">\n<p>Article at\u00a0<a href=\"http:\/\/www.kamzavinom.sk\/2017\/11\/furmint-forum-2017-rozhovor-s-organizatorom.html\">www.kamzavinom.sk<\/a><\/p>\n<\/div>\n<\/div>\n<\/div>\n<\/li><li id=\"cmsmasters_icon_list_item_6a08c101dcd64\" class=\"cmsmasters_icon_list_item\">\n<div class=\"cmsmasters_icon_list_item_inner\">\n<div class=\"cmsmasters_icon_list_icon_wrap\">\n<span class=\"cmsmasters_icon_list_icon cmsmasters-icon-newspaper\"><\/span>\n<\/div>\n<div class=\"cmsmasters_icon_list_item_content\">\n<h3 class=\"cmsmasters_icon_list_item_title\">Furmint Forum 2017<\/h3>\n<div class=\"cmsmasters_icon_list_item_text\">\n<p>Article at\u00a0<a href=\"http:\/\/www.vinoteka-vinaren.sk\/aktuality\/furmint_forum_2017\/\">www.vinoteka-vinaren.sk<\/a><\/p>\n<\/div>\n<\/div>\n<\/div>\n<\/li><\/ul>\n<\/div>\n<\/div>\n<\/div>\n<\/div>\n<\/div>\n<\/div>\n<\/p>","protected":false},"excerpt":{"rendered":"","protected":false},"author":1,"featured_media":0,"parent":0,"menu_order":0,"comment_status":"closed","ping_status":"closed","template":"","meta":{"footnotes":""},"class_list":["post-13331","page","type-page","status-publish","hentry"],"_links":{"self":[{"href":"https:\/\/www.furmintforum.sk\/en\/wp-json\/wp\/v2\/pages\/13331","targetHints":{"allow":["GET"]}}],"collection":[{"href":"https:\/\/www.furmintforum.sk\/en\/wp-json\/wp\/v2\/pages"}],"about":[{"href":"https:\/\/www.furmintforum.sk\/en\/wp-json\/wp\/v2\/types\/page"}],"author":[{"embeddable":true,"href":"https:\/\/www.furmintforum.sk\/en\/wp-json\/wp\/v2\/users\/1"}],"replies":[{"embeddable":true,"href":"https:\/\/www.furmintforum.sk\/en\/wp-json\/wp\/v2\/comments?post=13331"}],"version-history":[{"count":1,"href":"https:\/\/www.furmintforum.sk\/en\/wp-json\/wp\/v2\/pages\/13331\/revisions"}],"predecessor-version":[{"id":14566,"href":"https:\/\/www.furmintforum.sk\/en\/wp-json\/wp\/v2\/pages\/13331\/revisions\/14566"}],"wp:attachment":[{"href":"https:\/\/www.furmintforum.sk\/en\/wp-json\/wp\/v2\/media?parent=13331"}],"curies":[{"name":"wp","href":"https:\/\/api.w.org\/{rel}","templated":true}]}}