{"id":13333,"date":"2017-10-04T00:14:13","date_gmt":"2017-10-03T22:14:13","guid":{"rendered":"http:\/\/new.furmintforum.sk\/?page_id=13333"},"modified":"2021-11-25T11:55:13","modified_gmt":"2021-11-25T10:55:13","slug":"press-kit","status":"publish","type":"page","link":"https:\/\/www.furmintforum.sk\/en\/press-kit\/","title":{"rendered":"Press kit"},"content":{"rendered":"<style type=\"text\/css\"> \n#cmsmasters_row_69ebf50f0fc8f .cmsmasters_row_outer_parent { \n\tpadding-top: 70px; \n} \n\n \n#cmsmasters_heading_69ebf50f0fdab { \n\ttext-align:center; \n\tmargin-top:0px; \n\tmargin-bottom:20px; \n} \n\n#cmsmasters_heading_69ebf50f0fdab .cmsmasters_heading { \n\ttext-align:center; \n} \n\n#cmsmasters_heading_69ebf50f0fdab .cmsmasters_heading, #cmsmasters_heading_69ebf50f0fdab .cmsmasters_heading a { \n\tfont-weight:normal; \n\tfont-style:normal; \n} \n\n#cmsmasters_heading_69ebf50f0fdab .cmsmasters_heading_divider { \n} \n\n \n#cmsmasters_icon_list_items_69ebf50f0fddd.cmsmasters_icon_list_items .cmsmasters_icon_list_item:before { \n\tleft:39px; \n\ttop:80px; \n} \n#cmsmasters_icon_list_items_69ebf50f0fddd.cmsmasters_icon_list_type_block .cmsmasters_icon_list_item:before { \n\twidth:2px; \n} \n\n#cmsmasters_icon_list_items_69ebf50f0fddd .cmsmasters_icon_list_icon { \n\twidth:80px; \n\theight:80px; \n\t-webkit-border-radius:50%; \n\tborder-radius:50%; \n} \n\n#cmsmasters_icon_list_items_69ebf50f0fddd .cmsmasters_icon_list_icon:before { \n\tfont-size:30px; \n\tline-height:80px; \n} \n\n#cmsmasters_icon_list_items_69ebf50f0fddd .cmsmasters_icon_list_icon:after { \n\tborder-width:1px; \n\twidth:82px; \n\theight:82px; \n\t-webkit-border-radius:50%; \n\tborder-radius:50%; \n} \n\n.cmsmasters_icon_list_items.cmsmasters_color_type_icon #cmsmasters_icon_list_item_69ebf50f0fe2b:hover .cmsmasters_icon_list_icon:before { \n\tcolor:inherit; \n} \n\n.cmsmasters_icon_list_items.cmsmasters_color_type_icon #cmsmasters_icon_list_item_69ebf50f0fed0:hover .cmsmasters_icon_list_icon:before { \n\tcolor:inherit; \n} \n\n.cmsmasters_icon_list_items.cmsmasters_color_type_icon #cmsmasters_icon_list_item_69ebf50f0fef1:hover .cmsmasters_icon_list_icon:before { \n\tcolor:inherit; \n} \n \n#cmsmasters_divider_69ebf50f0ff20 { \n\tborder-bottom-width:0px; \n\tborder-bottom-style:solid; \n\tpadding-top:50px; \n\tmargin-bottom:50px; \n} \n \n#cmsmasters_row_69ebf50f0ff39 .cmsmasters_row_outer_parent { \n\tpadding-top: 70px; \n} \n\n \n#cmsmasters_heading_69ebf50f0ffc1 { \n\ttext-align:center; \n\tmargin-top:0px; \n\tmargin-bottom:20px; \n} \n\n#cmsmasters_heading_69ebf50f0ffc1 .cmsmasters_heading { \n\ttext-align:center; \n} \n\n#cmsmasters_heading_69ebf50f0ffc1 .cmsmasters_heading, #cmsmasters_heading_69ebf50f0ffc1 .cmsmasters_heading a { \n\tfont-weight:normal; \n\tfont-style:normal; \n} \n\n#cmsmasters_heading_69ebf50f0ffc1 .cmsmasters_heading_divider { \n} \n\n \n#cmsmasters_icon_list_items_69ebf50f0ffdf.cmsmasters_icon_list_items .cmsmasters_icon_list_item:before { \n\tleft:39px; \n\ttop:80px; \n} \n#cmsmasters_icon_list_items_69ebf50f0ffdf.cmsmasters_icon_list_type_block .cmsmasters_icon_list_item:before { \n\twidth:2px; \n} \n\n#cmsmasters_icon_list_items_69ebf50f0ffdf .cmsmasters_icon_list_icon { \n\twidth:80px; \n\theight:80px; \n\t-webkit-border-radius:50%; \n\tborder-radius:50%; \n} \n\n#cmsmasters_icon_list_items_69ebf50f0ffdf .cmsmasters_icon_list_icon:before { \n\tfont-size:30px; \n\tline-height:80px; \n} \n\n#cmsmasters_icon_list_items_69ebf50f0ffdf .cmsmasters_icon_list_icon:after { \n\tborder-width:1px; \n\twidth:82px; \n\theight:82px; \n\t-webkit-border-radius:50%; \n\tborder-radius:50%; \n} \n\n.cmsmasters_icon_list_items.cmsmasters_color_type_icon #cmsmasters_icon_list_item_69ebf50f10007:hover .cmsmasters_icon_list_icon:before { \n\tcolor:inherit; \n} \n\n.cmsmasters_icon_list_items.cmsmasters_color_type_icon #cmsmasters_icon_list_item_69ebf50f10027:hover .cmsmasters_icon_list_icon:before { \n\tcolor:inherit; \n} \n\n.cmsmasters_icon_list_items.cmsmasters_color_type_icon #cmsmasters_icon_list_item_69ebf50f10044:hover .cmsmasters_icon_list_icon:before { \n\tcolor:inherit; \n} \n \n#cmsmasters_divider_69ebf50f10060 { \n\tborder-bottom-width:0px; \n\tborder-bottom-style:solid; \n\tpadding-top:50px; \n\tmargin-bottom:50px; \n} \n<\/style><p><div id=\"cmsmasters_row_69ebf50f0ff39\" class=\"cmsmasters_row cmsmasters_color_scheme_default cmsmasters_row_top_default cmsmasters_row_bot_default cmsmasters_row_boxed\">\n<div class=\"cmsmasters_row_outer_parent\">\n<div class=\"cmsmasters_row_outer\">\n<div class=\"cmsmasters_row_inner\">\n<div class=\"cmsmasters_row_margin\">\n<div class=\"cmsmasters_column one_first\">\n\n<div id=\"cmsmasters_heading_69ebf50f0ffc1\" class=\"cmsmasters_heading_wrap cmsmasters_heading_align_center\">\n\t<h2 class=\"cmsmasters_heading\">S\u00fabory na stiahnutie pre m\u00e9di\u00e1<\/h2>\n<\/div> \n<ul id=\"cmsmasters_icon_list_items_69ebf50f0ffdf\" class=\"cmsmasters_icon_list_items cmsmasters_icon_list_type_block cmsmasters_icon_list_pos_left cmsmasters_color_type_icon\"><li id=\"cmsmasters_icon_list_item_69ebf50f10007\" class=\"cmsmasters_icon_list_item\">\n<div class=\"cmsmasters_icon_list_item_inner\">\n<div class=\"cmsmasters_icon_list_icon_wrap\">\n<span class=\"cmsmasters_icon_list_icon cmsmasters-icon-download-3\"><\/span>\n<\/div>\n<div class=\"cmsmasters_icon_list_item_content\">\n<h3 class=\"cmsmasters_icon_list_item_title\">Logo Furmint Forum s transparentn\u00fdm pozad\u00edm<\/h3>\n<div class=\"cmsmasters_icon_list_item_text\">\n<p>Logo Furmint Forum na stiahnutie vo form\u00e1te png, transparentn\u00e9 pozadie si m\u00f4\u017eete stiahnu\u0165 tu: <a href=\"http:\/\/www.furmintforum.sk\/wp-content\/uploads\/2017\/10\/ff-logo-transparent-1.png\" target=\"_blank\" rel=\"noopener\">Logo Furmint Forum<\/a><\/p>\n<\/div>\n<\/div>\n<\/div>\n<\/li><li id=\"cmsmasters_icon_list_item_69ebf50f10027\" class=\"cmsmasters_icon_list_item\">\n<div class=\"cmsmasters_icon_list_item_inner\">\n<div class=\"cmsmasters_icon_list_icon_wrap\">\n<span class=\"cmsmasters_icon_list_icon cmsmasters-icon-download-3\"><\/span>\n<\/div>\n<div class=\"cmsmasters_icon_list_item_content\">\n<h3 class=\"cmsmasters_icon_list_item_title\">Logo Furmint Forum s tmav\u00fdm pozad\u00edm<\/h3>\n<div class=\"cmsmasters_icon_list_item_text\">\n<p>Logo Furmint Forum na stiahnutie vo form\u00e1te pdf s tmav\u00fdm pozad\u00edm si m\u00f4\u017eete stiahnu\u0165 tu: <a href=\"http:\/\/www.furmintforum.sk\/wp-content\/uploads\/2017\/10\/furmint_forum_fv-1.pdf\">Logo Furmint Forum<\/a><\/p>\n<\/div>\n<\/div>\n<\/div>\n<\/li><li id=\"cmsmasters_icon_list_item_69ebf50f10044\" class=\"cmsmasters_icon_list_item\">\n<div class=\"cmsmasters_icon_list_item_inner\">\n<div class=\"cmsmasters_icon_list_icon_wrap\">\n<span class=\"cmsmasters_icon_list_icon cmsmasters-icon-download-3\"><\/span>\n<\/div>\n<div class=\"cmsmasters_icon_list_item_content\">\n<h3 class=\"cmsmasters_icon_list_item_title\">Plag\u00e1t Furmint Forum<\/h3>\n<div class=\"cmsmasters_icon_list_item_text\">\n<p>Plag\u00e1t Furmint Forum na stiahnutie vo form\u00e1te jpg si m\u00f4\u017eete stiahnu\u0165 tu: <a href=\"http:\/\/www.furmintforum.sk\/wp-content\/uploads\/2017\/10\/ff-clv-2017.jpg\" target=\"_blank\" rel=\"noopener\">Plag\u00e1t Furmint Forum<\/a><\/p>\n<\/div>\n<\/div>\n<\/div>\n<\/li><\/ul>\n<div id=\"cmsmasters_divider_69ebf50f10060\" class=\"cl\"><\/div>\n<\/div>\n<\/div>\n<\/div>\n<\/div>\n<\/div>\n<\/div>\n<\/p>","protected":false},"excerpt":{"rendered":"","protected":false},"author":1,"featured_media":0,"parent":0,"menu_order":0,"comment_status":"closed","ping_status":"closed","template":"","meta":{"footnotes":""},"class_list":["post-13333","page","type-page","status-publish","hentry"],"_links":{"self":[{"href":"https:\/\/www.furmintforum.sk\/en\/wp-json\/wp\/v2\/pages\/13333","targetHints":{"allow":["GET"]}}],"collection":[{"href":"https:\/\/www.furmintforum.sk\/en\/wp-json\/wp\/v2\/pages"}],"about":[{"href":"https:\/\/www.furmintforum.sk\/en\/wp-json\/wp\/v2\/types\/page"}],"author":[{"embeddable":true,"href":"https:\/\/www.furmintforum.sk\/en\/wp-json\/wp\/v2\/users\/1"}],"replies":[{"embeddable":true,"href":"https:\/\/www.furmintforum.sk\/en\/wp-json\/wp\/v2\/comments?post=13333"}],"version-history":[{"count":0,"href":"https:\/\/www.furmintforum.sk\/en\/wp-json\/wp\/v2\/pages\/13333\/revisions"}],"wp:attachment":[{"href":"https:\/\/www.furmintforum.sk\/en\/wp-json\/wp\/v2\/media?parent=13333"}],"curies":[{"name":"wp","href":"https:\/\/api.w.org\/{rel}","templated":true}]}}